{"id":25,"date":"2016-01-22T15:14:57","date_gmt":"2016-01-22T06:14:57","guid":{"rendered":"http:\/\/www.kyowa-machinery.co.jp\/wp\/?page_id=25"},"modified":"2023-12-13T10:01:50","modified_gmt":"2023-12-13T01:01:50","slug":"technologies","status":"publish","type":"page","link":"http:\/\/www.kyowa-machinery.co.jp\/turkey\/technologies\/","title":{"rendered":"Kyowa teknolojileri"},"content":{"rendered":"<div id=\"pl-25\"  class=\"panel-layout\" ><div id=\"pg-25-0\"  class=\"panel-grid panel-no-style\" ><div id=\"pgc-25-0-0\"  class=\"panel-grid-cell\" ><div id=\"panel-25-0-0-0\" class=\"so-panel widget widget_sow-image panel-first-child\" data-index=\"0\" ><div class=\"center panel-widget-style panel-widget-style-for-25-0-0-0\" ><div\n\t\t\t\n\t\t\tclass=\"so-widget-sow-image so-widget-sow-image-default-c67d20f9f743-25\"\n\t\t\t\n\t\t>\n\n<div class=\"sow-image-container\">\n\t\t<img decoding=\"async\" src=\"http:\/\/www.kyowa-machinery.co.jp\/turkey\/wp-content\/uploads\/2023\/12\/technologies.jpg\" width=\"475\" height=\"316\" srcset=\"http:\/\/www.kyowa-machinery.co.jp\/turkey\/wp-content\/uploads\/2023\/12\/technologies.jpg 475w, http:\/\/www.kyowa-machinery.co.jp\/turkey\/wp-content\/uploads\/2023\/12\/technologies-300x200.jpg 300w, http:\/\/www.kyowa-machinery.co.jp\/turkey\/wp-content\/uploads\/2023\/12\/technologies-284x189.jpg 284w, http:\/\/www.kyowa-machinery.co.jp\/turkey\/wp-content\/uploads\/2023\/12\/technologies-223x148.jpg 223w, http:\/\/www.kyowa-machinery.co.jp\/turkey\/wp-content\/uploads\/2023\/12\/technologies-274x182.jpg 274w, http:\/\/www.kyowa-machinery.co.jp\/turkey\/wp-content\/uploads\/2023\/12\/technologies-272x182.jpg 272w\" sizes=\"(max-width: 475px) 100vw, 475px\" alt=\"\" loading=\"lazy\" \t\tclass=\"so-widget-image\"\/>\n\t<\/div>\n\n<\/div><\/div><\/div><h1 class='sectionTitle'>Yeni  teknolojilerde yarat\u0131c\u0131l\u0131k<\/h1><\/div><\/div><div id=\"pg-25-1\"  class=\"panel-grid panel-no-style\" ><div id=\"pgc-25-1-0\"  class=\"panel-grid-cell\" ><div id=\"panel-25-1-0-0\" class=\"so-panel widget widget_text panel-first-child\" data-index=\"2\" >\t\t\t<div class=\"textwidget\"><p>1960\u2019lar da Bat\u0131l\u0131 \u00fclkelerdeki tavuk\u00e7uluk sekt\u00f6r\u00fcndeki geli\u015fmelerle birlikte Japon tavuk\u00e7uluk sekt\u00f6r\u00fc de h\u0131zl\u0131 bir geli\u015fme i\u00e7ine girmi\u015ftir.G\u00fcn\u00fcm\u00fczde t\u00fcketicilerin yumurtay\u0131 \u00e7iftlikten s\u00fcper taze olarak veya \u00e7e\u015fitli i\u015flenmi\u015f \u00fcr\u00fcnler olarak bulabilmeleri m\u00fcmk\u00fcnd\u00fcr.Japonya taze \u00e7i\u011f yumurta yeme k\u00fclt\u00fcr\u00fcne sahiptir, dolay\u0131s\u0131yla yumurta \u00fcreticileri ve sat\u0131c\u0131lar\u0131 kalite y\u00f6netim kurallar\u0131n\u0131 kesinlikle yerine getirirler, ve Kyowa Machinery teknolojisiyle bu y\u00f6netim sistemine destek olur.<\/p>\n<p>Teknoloji gereksinimleri zaman do\u011frultusunda de\u011fi\u015fiklik g\u00f6sterir.Biz kolay kullan\u0131ml\u0131 yumurta tasnif sistemlerimizde, y\u00fcksek verimli yumurta k\u0131rma sistemimizde, ve y\u00fcksek teknolojili alg\u0131lama, tespit sistemlerimizde yenilik ve geli\u015fimimizi s\u00fcrd\u00fcrerek d\u00fcnya \u00fczerinde yumurta sekt\u00f6r\u00fcn\u00fcn geli\u015fimine katk\u0131 sa\u011fl\u0131yoruz.<\/p>\n<\/div>\n\t\t<\/div><div id=\"panel-25-1-0-1\" class=\"so-panel widget widget_sow-image panel-last-child\" data-index=\"3\" ><div class=\"center panel-widget-style panel-widget-style-for-25-1-0-1\" ><div\n\t\t\t\n\t\t\tclass=\"so-widget-sow-image so-widget-sow-image-default-c67d20f9f743-25\"\n\t\t\t\n\t\t>\n\n<div class=\"sow-image-container\">\n\t\t<img decoding=\"async\" src=\"http:\/\/www.kyowa-machinery.co.jp\/turkey\/wp-content\/uploads\/2016\/01\/techonologies-1-1.jpg\" width=\"586\" height=\"455\" srcset=\"http:\/\/www.kyowa-machinery.co.jp\/turkey\/wp-content\/uploads\/2016\/01\/techonologies-1-1.jpg 586w, http:\/\/www.kyowa-machinery.co.jp\/turkey\/wp-content\/uploads\/2016\/01\/techonologies-1-1-300x233.jpg 300w, http:\/\/www.kyowa-machinery.co.jp\/turkey\/wp-content\/uploads\/2016\/01\/techonologies-1-1-475x369.jpg 475w, http:\/\/www.kyowa-machinery.co.jp\/turkey\/wp-content\/uploads\/2016\/01\/techonologies-1-1-284x221.jpg 284w, http:\/\/www.kyowa-machinery.co.jp\/turkey\/wp-content\/uploads\/2016\/01\/techonologies-1-1-223x173.jpg 223w, http:\/\/www.kyowa-machinery.co.jp\/turkey\/wp-content\/uploads\/2016\/01\/techonologies-1-1-274x213.jpg 274w\" sizes=\"(max-width: 586px) 100vw, 586px\" title=\"techonologies-1\" alt=\"\" loading=\"lazy\" \t\tclass=\"so-widget-image\"\/>\n\t<\/div>\n\n<\/div><\/div><\/div><\/div><\/div><div id=\"pg-25-2\"  class=\"panel-grid panel-no-style\" ><div id=\"pgc-25-2-0\"  class=\"panel-grid-cell\" ><h1 class='sectionTitle'>Zaman \u0130\u00e7ersinde \u0130htiya\u00e7 Duyulan Ko\u015fullar<\/h1><\/div><\/div><div id=\"pg-25-3\"  class=\"panel-grid panel-no-style\" ><div id=\"pgc-25-3-0\"  class=\"panel-grid-cell\" ><div id=\"panel-25-3-0-0\" class=\"so-panel widget widget_text panel-first-child panel-last-child\" data-index=\"5\" >\t\t\t<div class=\"textwidget\">G\u0131da g\u00fcvenli\u011fi ve kalite gereksinimleri sebebiyle piyasaya g\u00fcvenilir yumurta sunmak isteyen \u00fcreticiler i\u00e7in s\u0131hhi y\u00f6netim \u00e7ok \u00f6nemli bir konu haline gelmi\u015ftir.SKY serisi yumurta tasnif sistemimiz s\u0131hhi y\u00f6netim sistemine uygun her t\u00fcrl\u00fc yeni tenoloji \u00f6zelli\u011fe sahiptir.Gurur duyarak belirtmeliyiz ki bu sistemimiz 2008 senesinde Japon Makine M\u00fchendisleri Odas\u0131 JSME taraf\u0131ndan Teknoloji Katk\u0131 \u00d6d\u00fcl\u00fc\u2019ne lay\u0131k g\u00f6r\u00fclm\u00fc\u015ft\u00fcr.<\/div>\n\t\t<\/div><\/div><\/div><div id=\"pg-25-4\"  class=\"panel-grid panel-no-style\" ><div id=\"pgc-25-4-0\"  class=\"panel-grid-cell\" ><div id=\"panel-25-4-0-0\" class=\"so-panel widget widget_sow-image panel-first-child panel-last-child\" data-index=\"6\" ><div class=\"right panel-widget-style panel-widget-style-for-25-4-0-0\" ><div\n\t\t\t\n\t\t\tclass=\"so-widget-sow-image so-widget-sow-image-default-8b5b6f678277-25\"\n\t\t\t\n\t\t>\n\n<div class=\"sow-image-container\">\n\t\t\t<a href=\"http:\/\/www.kyowa-machinery.co.jp\/turkey\/product\/sky\/\"\n\t\t\t\t\t>\n\t\t\t<img decoding=\"async\" src=\"http:\/\/www.kyowa-machinery.co.jp\/turkey\/wp-content\/uploads\/2016\/01\/sky-1.jpg\" width=\"380\" height=\"206\" srcset=\"http:\/\/www.kyowa-machinery.co.jp\/turkey\/wp-content\/uploads\/2016\/01\/sky-1.jpg 380w, http:\/\/www.kyowa-machinery.co.jp\/turkey\/wp-content\/uploads\/2016\/01\/sky-1-300x163.jpg 300w, http:\/\/www.kyowa-machinery.co.jp\/turkey\/wp-content\/uploads\/2016\/01\/sky-1-284x154.jpg 284w, http:\/\/www.kyowa-machinery.co.jp\/turkey\/wp-content\/uploads\/2016\/01\/sky-1-223x121.jpg 223w, http:\/\/www.kyowa-machinery.co.jp\/turkey\/wp-content\/uploads\/2016\/01\/sky-1-274x149.jpg 274w\" sizes=\"(max-width: 380px) 100vw, 380px\" title=\"SKY series\" alt=\"\" loading=\"lazy\" \t\tclass=\"so-widget-image\"\/>\n\t<\/a><\/div>\n\n<\/div><\/div><\/div><\/div><div id=\"pgc-25-4-1\"  class=\"panel-grid-cell\" ><div id=\"panel-25-4-1-0\" class=\"so-panel widget widget_sow-image panel-first-child panel-last-child\" data-index=\"7\" ><div\n\t\t\t\n\t\t\tclass=\"so-widget-sow-image so-widget-sow-image-default-8b5b6f678277-25\"\n\t\t\t\n\t\t>\n\n<div class=\"sow-image-container\">\n\t\t\t<a href=\"http:\/\/www.kyowa-machinery.co.jp\/turkey\/product\/sky-g\/\"\n\t\t\t\t\t>\n\t\t\t<img decoding=\"async\" src=\"http:\/\/www.kyowa-machinery.co.jp\/turkey\/wp-content\/uploads\/2016\/01\/sky-g-2.jpg\" width=\"379\" height=\"206\" srcset=\"http:\/\/www.kyowa-machinery.co.jp\/turkey\/wp-content\/uploads\/2016\/01\/sky-g-2.jpg 379w, http:\/\/www.kyowa-machinery.co.jp\/turkey\/wp-content\/uploads\/2016\/01\/sky-g-2-300x163.jpg 300w, http:\/\/www.kyowa-machinery.co.jp\/turkey\/wp-content\/uploads\/2016\/01\/sky-g-2-284x154.jpg 284w, http:\/\/www.kyowa-machinery.co.jp\/turkey\/wp-content\/uploads\/2016\/01\/sky-g-2-223x121.jpg 223w, http:\/\/www.kyowa-machinery.co.jp\/turkey\/wp-content\/uploads\/2016\/01\/sky-g-2-274x149.jpg 274w\" sizes=\"(max-width: 379px) 100vw, 379px\" title=\"SKY-G series\" alt=\"\" loading=\"lazy\" \t\tclass=\"so-widget-image\"\/>\n\t<\/a><\/div>\n\n<\/div><\/div><\/div><\/div><div id=\"pg-25-5\"  class=\"panel-grid panel-no-style\" ><div id=\"pgc-25-5-0\"  class=\"panel-grid-cell\" ><h1 class='sectionTitle'>Yumurta ve Sa\u011fl\u0131k Aras\u0131ndaki \u0130yi \u0130li\u015fki<\/h1><\/div><\/div><div id=\"pg-25-6\"  class=\"panel-grid panel-no-style\" ><div id=\"pgc-25-6-0\"  class=\"panel-grid-cell\" ><div id=\"panel-25-6-0-0\" class=\"so-panel widget widget_text panel-first-child panel-last-child\" data-index=\"9\" >\t\t\t<div class=\"textwidget\"><p>Yumurta piyasada yayg\u0131n olarak ula\u015f\u0131labilir olmas\u0131yla birlikte sa\u011fl\u0131kl\u0131 bir \u00e7ok y\u00f6nl\u00fc diyetin de en \u00f6nemli par\u00e7as\u0131d\u0131r.Yumurta hayat\u0131m\u0131z i\u00e7in en gerekli besinleri i\u00e7erdi\u011fi icin \u201ctam gida\u201d olarak adlandirilir.Kyowa Machinery de yumurtayi g\u00fcvenli ve sa\u011fl\u0131kl\u0131 bir \u015fekild markete sunmak i\u00e7in y\u0131llar i\u00e7erisinde bir \u00e7ok teknolik bulu\u015f ger\u00e7ekle\u015ftirmi\u015ftir.<\/p>\n<p>Bu bulu\u015flar\u0131n i\u00e7erisinde, di\u011fer rakiplerimizden \u00f6nce yapt\u0131\u011f\u0131m\u0131z bilgisayar kontroll\u00fc ve pratik kullan\u0131ml\u0131 tart\u0131 sistemi, y\u00fcksek verimlilikle \u00e7al\u0131\u015fan y\u00fcksek h\u0131zl\u0131 yumurta k\u0131rma sistemi, ve d\u00fcnyan\u0131n ilk kendi kendini temizleme, y\u0131kama \u00f6zelli\u011fine sahip yumurta tasnif makinas\u0131 vard\u0131r.Kyowa Makina t\u00fcm d\u00fcnyadaki yumurta end\u00fcstrisine Japonya'dan g\u00fcvenli, emniyetli ve g\u00fcvenilir \u00e7\u00f6z\u00fcmler sunmaktad\u0131r.<\/p>\n<\/div>\n\t\t<\/div><\/div><\/div><div id=\"pg-25-7\"  class=\"panel-grid panel-no-style\" ><div id=\"pgc-25-7-0\"  class=\"panel-grid-cell\" ><div id=\"panel-25-7-0-0\" class=\"so-panel widget widget_sow-image panel-first-child panel-last-child\" data-index=\"10\" ><div class=\"center panel-widget-style panel-widget-style-for-25-7-0-0\" ><div\n\t\t\t\n\t\t\tclass=\"so-widget-sow-image so-widget-sow-image-default-c67d20f9f743-25\"\n\t\t\t\n\t\t>\n\n<div class=\"sow-image-container\">\n\t\t<img decoding=\"async\" src=\"http:\/\/www.kyowa-machinery.co.jp\/turkey\/wp-content\/uploads\/2016\/01\/egg.jpg\" width=\"240\" height=\"240\" srcset=\"http:\/\/www.kyowa-machinery.co.jp\/turkey\/wp-content\/uploads\/2016\/01\/egg.jpg 240w, http:\/\/www.kyowa-machinery.co.jp\/turkey\/wp-content\/uploads\/2016\/01\/egg-150x150.jpg 150w, http:\/\/www.kyowa-machinery.co.jp\/turkey\/wp-content\/uploads\/2016\/01\/egg-223x223.jpg 223w, http:\/\/www.kyowa-machinery.co.jp\/turkey\/wp-content\/uploads\/2016\/01\/egg-219x219.jpg 219w\" sizes=\"(max-width: 240px) 100vw, 240px\" alt=\"\" loading=\"lazy\" \t\tclass=\"so-widget-image\"\/>\n\t<\/div>\n\n<\/div><\/div><\/div><\/div><\/div><\/div>","protected":false},"excerpt":{"rendered":"<p>1960\u2019lar da Bat\u0131l\u0131 \u00fclkelerdeki tavuk\u00e7uluk sekt\u00f6r\u00fcndeki  [&hellip;]<\/p>\n","protected":false},"author":1,"featured_media":0,"parent":0,"menu_order":0,"comment_status":"closed","ping_status":"closed","template":"","meta":{"footnotes":""},"aioseo_notices":[],"_links":{"self":[{"href":"http:\/\/www.kyowa-machinery.co.jp\/turkey\/wp-json\/wp\/v2\/pages\/25"}],"collection":[{"href":"http:\/\/www.kyowa-machinery.co.jp\/turkey\/wp-json\/wp\/v2\/pages"}],"about":[{"href":"http:\/\/www.kyowa-machinery.co.jp\/turkey\/wp-json\/wp\/v2\/types\/page"}],"author":[{"embeddable":true,"href":"http:\/\/www.kyowa-machinery.co.jp\/turkey\/wp-json\/wp\/v2\/users\/1"}],"replies":[{"embeddable":true,"href":"http:\/\/www.kyowa-machinery.co.jp\/turkey\/wp-json\/wp\/v2\/comments?post=25"}],"version-history":[{"count":44,"href":"http:\/\/www.kyowa-machinery.co.jp\/turkey\/wp-json\/wp\/v2\/pages\/25\/revisions"}],"predecessor-version":[{"id":966,"href":"http:\/\/www.kyowa-machinery.co.jp\/turkey\/wp-json\/wp\/v2\/pages\/25\/revisions\/966"}],"wp:attachment":[{"href":"http:\/\/www.kyowa-machinery.co.jp\/turkey\/wp-json\/wp\/v2\/media?parent=25"}],"curies":[{"name":"wp","href":"https:\/\/api.w.org\/{rel}","templated":true}]}}