{"id":222,"date":"2016-01-26T17:27:59","date_gmt":"2016-01-26T08:27:59","guid":{"rendered":"http:\/\/www.kyowa-machinery.co.jp\/wp\/?page_id=222"},"modified":"2018-01-18T11:05:15","modified_gmt":"2018-01-18T02:05:15","slug":"contact","status":"publish","type":"page","link":"http:\/\/www.kyowa-machinery.co.jp\/turkey\/contact\/","title":{"rendered":"\u0130leti\u015fim"},"content":{"rendered":"<div id=\"pl-222\"  class=\"panel-layout\" ><div id=\"pg-222-0\"  class=\"panel-grid panel-has-style\" ><div class=\"infoTable panel-row-style panel-row-style-for-222-0\" ><div id=\"pgc-222-0-0\"  class=\"panel-grid-cell\" ><h1 class='sectionTitle'>\u0130leti\u015fim Formu<\/h1><\/div><\/div><\/div><div id=\"pg-222-1\"  class=\"panel-grid panel-has-style\" ><div class=\"infoTable panel-row-style panel-row-style-for-222-1\" ><div id=\"pgc-222-1-0\"  class=\"panel-grid-cell\" ><div id=\"panel-222-1-0-0\" class=\"so-panel widget widget_sow-editor panel-first-child panel-last-child\" data-index=\"1\" ><div\n\t\t\t\n\t\t\tclass=\"so-widget-sow-editor so-widget-sow-editor-base\"\n\t\t\t\n\t\t>\n<div class=\"siteorigin-widget-tinymce textwidget\">\n\t<div class=\"page\" title=\"Page 1\">\n<div class=\"layoutArea\">\n<div class=\"column\">\n<p>L\u00fctfen a\u015fa\u011f\u0131daki formu doldurarak talebinizi iletiniz.<\/p>\n<p><span style=\"color: #ff0000;\">\u203bSizinle ileti\u015fime ge\u00e7ebilmemiz i\u00e7in l\u00fctfen sorgunuzun ayr\u0131nt\u0131lar\u0131 yan\u0131 s\u0131ra elektronik posta adresinizi de belirtiniz.<\/span><\/p>\n<\/div>\n<\/div>\n<\/div>\n<\/div>\n<\/div><\/div><\/div><\/div><\/div><div id=\"pg-222-2\"  class=\"panel-grid panel-no-style\" ><div id=\"pgc-222-2-0\"  class=\"panel-grid-cell\" ><div id=\"panel-222-2-0-0\" class=\"so-panel widget widget_text panel-first-child panel-last-child\" data-index=\"2\" ><div class=\"infoTable panel-widget-style panel-widget-style-for-222-2-0-0\" >\t\t\t<div class=\"textwidget\">\n<div class=\"wpcf7 no-js\" id=\"wpcf7-f229-o1\" lang=\"ja\" dir=\"ltr\">\n<div class=\"screen-reader-response\"><p role=\"status\" aria-live=\"polite\" aria-atomic=\"true\"><\/p> <ul><\/ul><\/div>\n<form action=\"\/turkey\/wp-json\/wp\/v2\/pages\/222#wpcf7-f229-o1\" method=\"post\" class=\"wpcf7-form init\" aria-label=\"\u30b3\u30f3\u30bf\u30af\u30c8\u30d5\u30a9\u30fc\u30e0\" novalidate=\"novalidate\" data-status=\"init\">\n<div style=\"display: none;\">\n<input type=\"hidden\" name=\"_wpcf7\" value=\"229\" \/>\n<input type=\"hidden\" name=\"_wpcf7_version\" value=\"5.8.4\" \/>\n<input type=\"hidden\" name=\"_wpcf7_locale\" value=\"ja\" \/>\n<input type=\"hidden\" name=\"_wpcf7_unit_tag\" value=\"wpcf7-f229-o1\" \/>\n<input type=\"hidden\" name=\"_wpcf7_container_post\" value=\"0\" \/>\n<input type=\"hidden\" name=\"_wpcf7_posted_data_hash\" value=\"\" \/>\n<\/div>\n<table>\n\t<tr>\n\t\t<td>\n\t\t\t<p>Talep\n\t\t\t<\/p>\n\t\t<\/td>\n\t\t<td>\n\t\t\t<p><span class=\"wpcf7-form-control-wrap\" data-name=\"menu-530\"><select class=\"wpcf7-form-control wpcf7-select\" aria-invalid=\"false\" name=\"menu-530\"><option value=\"\">&#8212;\u4ee5\u4e0b\u304b\u3089\u9078\u629e\u3057\u3066\u304f\u3060\u3055\u3044&#8212;<\/option><option value=\"Kyowa Hakk\u0131nda\">Kyowa Hakk\u0131nda<\/option><option value=\"\u00dcr\u00fcnler Hakk\u0131nda\">\u00dcr\u00fcnler Hakk\u0131nda<\/option><option value=\"Di\u011fer\">Di\u011fer<\/option><\/select><\/span>\n\t\t\t<\/p>\n\t\t<\/td>\n\t<\/tr>\n\t<tr>\n\t\t<td>\n\t\t\t<p>Ayr\u0131nt\u0131 (zorunlu)\n\t\t\t<\/p>\n\t\t<\/td>\n\t\t<td>\n\t\t\t<p><span class=\"wpcf7-form-control-wrap\" data-name=\"textarea-806\"><textarea cols=\"40\" rows=\"10\" class=\"wpcf7-form-control wpcf7-textarea wpcf7-validates-as-required\" aria-required=\"true\" aria-invalid=\"false\" name=\"textarea-806\"><\/textarea><\/span>\n\t\t\t<\/p>\n\t\t<\/td>\n\t<\/tr>\n\t<tr>\n\t\t<td>\n\t\t\t<p>Firma\n\t\t\t<\/p>\n\t\t<\/td>\n\t\t<td>\n\t\t\t<p><span class=\"wpcf7-form-control-wrap\" data-name=\"text-339\"><input size=\"40\" class=\"wpcf7-form-control wpcf7-text\" aria-invalid=\"false\" value=\"\" type=\"text\" name=\"text-339\" \/><\/span>\n\t\t\t<\/p>\n\t\t<\/td>\n\t<\/tr>\n\t<tr>\n\t\t<td>\n\t\t\t<p>\u0130sim\n\t\t\t<\/p>\n\t\t<\/td>\n\t\t<td>\n\t\t\t<p><span class=\"wpcf7-form-control-wrap\" data-name=\"text-698\"><input size=\"40\" class=\"wpcf7-form-control wpcf7-text\" aria-invalid=\"false\" value=\"\" type=\"text\" name=\"text-698\" \/><\/span>\n\t\t\t<\/p>\n\t\t<\/td>\n\t<\/tr>\n\t<tr>\n\t\t<td>\n\t\t\t<p>E-mail (zorunlu)\n\t\t\t<\/p>\n\t\t<\/td>\n\t\t<td>\n\t\t\t<p><span class=\"wpcf7-form-control-wrap\" data-name=\"email-621\"><input size=\"40\" class=\"wpcf7-form-control wpcf7-email wpcf7-validates-as-required wpcf7-text wpcf7-validates-as-email\" aria-required=\"true\" aria-invalid=\"false\" value=\"\" type=\"email\" name=\"email-621\" \/><\/span>\n\t\t\t<\/p>\n\t\t<\/td>\n\t<\/tr>\n<\/table>\n<p><input class=\"wpcf7-form-control wpcf7-back wpcf7c-elm-step2 wpcf7c-btn-back wpcf7c-force-hide\" type=\"button\" value=\"Geri d\u00f6n\u00fcp D\u00fczenle\" \/><input class=\"wpcf7-form-control wpcf7-confirm wpcf7c-elm-step1 wpcf7c-btn-confirm wpcf7c-force-hide\" type=\"submit\" value=\"Onay ekran\u0131\" \/><input class=\"wpcf7-form-control wpcf7-submit has-spinner\" type=\"submit\" value=\"G\u00f6nder\" \/>\n<\/p><div class=\"wpcf7-response-output\" aria-hidden=\"true\"><\/div>\n<\/form>\n<\/div>\n<\/div>\n\t\t<\/div><\/div><\/div><\/div><div id=\"pg-222-3\"  class=\"panel-grid panel-has-style\" ><div class=\"infoTable panel-row-style panel-row-style-for-222-3\" ><div id=\"pgc-222-3-0\"  class=\"panel-grid-cell\" ><h1 class='sectionTitle'>Merkez Ofis<\/h1><\/div><\/div><\/div><div id=\"pg-222-4\"  class=\"panel-grid panel-no-style\" ><div id=\"pgc-222-4-0\"  class=\"panel-grid-cell\" ><div id=\"panel-222-4-0-0\" class=\"so-panel widget widget_sow-editor panel-first-child panel-last-child\" data-index=\"4\" ><div class=\"center panel-widget-style panel-widget-style-for-222-4-0-0\" ><div\n\t\t\t\n\t\t\tclass=\"so-widget-sow-editor so-widget-sow-editor-base\"\n\t\t\t\n\t\t>\n<div class=\"siteorigin-widget-tinymce textwidget\">\n\t<div class=\"page\" title=\"Page 1\">\n<div class=\"layoutArea\">\n<div class=\"column\">\n<h3><strong>Kyowa Machinery Co., Ltd.<\/strong><\/h3>\n<div class=\"address\">375 Kohmo, Tsuyama, Okayama, 708-1115 Japan<\/div>\n<h3>TEL +81-868-26-6600<\/h3>\n<h3>FAX +81-868-26-6608<\/h3>\n<h3>E-Mail:<span style=\"color: #0000ff;\"><a style=\"color: #0000ff;\" href=\"mailto:info@kyowa-machinery.co.jp\">info@kyowa-machinery.co.jp<\/a><\/span><\/h3>\n<\/div>\n<\/div>\n<\/div>\n<\/div>\n<\/div><\/div><\/div><\/div><\/div><\/div>","protected":false},"excerpt":{"rendered":"<p>L\u00fctfen a\u015fa\u011f\u0131daki formu doldurarak talebinizi iletiniz.\u203b [&hellip;]<\/p>\n","protected":false},"author":1,"featured_media":0,"parent":0,"menu_order":0,"comment_status":"closed","ping_status":"closed","template":"","meta":{"footnotes":""},"aioseo_notices":[],"_links":{"self":[{"href":"http:\/\/www.kyowa-machinery.co.jp\/turkey\/wp-json\/wp\/v2\/pages\/222"}],"collection":[{"href":"http:\/\/www.kyowa-machinery.co.jp\/turkey\/wp-json\/wp\/v2\/pages"}],"about":[{"href":"http:\/\/www.kyowa-machinery.co.jp\/turkey\/wp-json\/wp\/v2\/types\/page"}],"author":[{"embeddable":true,"href":"http:\/\/www.kyowa-machinery.co.jp\/turkey\/wp-json\/wp\/v2\/users\/1"}],"replies":[{"embeddable":true,"href":"http:\/\/www.kyowa-machinery.co.jp\/turkey\/wp-json\/wp\/v2\/comments?post=222"}],"version-history":[{"count":39,"href":"http:\/\/www.kyowa-machinery.co.jp\/turkey\/wp-json\/wp\/v2\/pages\/222\/revisions"}],"predecessor-version":[{"id":914,"href":"http:\/\/www.kyowa-machinery.co.jp\/turkey\/wp-json\/wp\/v2\/pages\/222\/revisions\/914"}],"wp:attachment":[{"href":"http:\/\/www.kyowa-machinery.co.jp\/turkey\/wp-json\/wp\/v2\/media?parent=222"}],"curies":[{"name":"wp","href":"https:\/\/api.w.org\/{rel}","templated":true}]}}